{"id":3121,"date":"2021-12-03T18:43:24","date_gmt":"2021-12-03T17:43:24","guid":{"rendered":"https:\/\/www.3dtlac.xyz\/?post_type=product&#038;p=3121"},"modified":"2021-12-03T18:43:25","modified_gmt":"2021-12-03T17:43:25","slug":"babeta-1-10","status":"publish","type":"product","link":"https:\/\/www.3dtlac.xyz\/en\/produkt\/babeta-1-10\/","title":{"rendered":"Babeta 1\/10"},"content":{"rendered":"","protected":false},"excerpt":{"rendered":"<p>Model Babety v mierke 1\/10.<\/p>\n<ul>\n<li>model je vo forme stavebnice v \u0161edej alebo inej farbe<\/li>\n<li>na po\u017eiadanie vieme vytvori\u0165 farebn\u00fa stavebnicu (za pr\u00edplatok 30Eur)<\/li>\n<\/ul>\n","protected":false},"featured_media":3122,"comment_status":"closed","ping_status":"closed","template":"","meta":[],"product_cat":[67],"product_tag":[],"yoast_head":"<!-- This site is optimized with the Yoast SEO plugin v20.5 - https:\/\/yoast.com\/wordpress\/plugins\/seo\/ -->\n<title>Babeta 1\/10 - M&amp;A 3D Printing<\/title>\n<meta name=\"robots\" content=\"index, follow, max-snippet:-1, max-image-preview:large, max-video-preview:-1\" \/>\n<link rel=\"canonical\" href=\"https:\/\/www.3dtlac.xyz\/produkt\/babeta-1-10\/\" \/>\n<meta property=\"og:locale\" content=\"en_US\" \/>\n<meta property=\"og:type\" content=\"article\" \/>\n<meta property=\"og:title\" content=\"Babeta 1\/10 - M&amp;A 3D Printing\" \/>\n<meta property=\"og:description\" content=\"Model Babety v mierke 1\/10.   model je vo forme stavebnice v \u0161edej alebo inej farbe  na po\u017eiadanie vieme vytvori\u0165 farebn\u00fa stavebnicu (za pr\u00edplatok 30Eur)\" \/>\n<meta property=\"og:url\" content=\"https:\/\/www.3dtlac.xyz\/produkt\/babeta-1-10\/\" \/>\n<meta property=\"og:site_name\" content=\"M&amp;A 3D Printing\" \/>\n<meta property=\"article:publisher\" content=\"https:\/\/www.facebook.com\/3dtlacAndrea\/\" \/>\n<meta property=\"article:modified_time\" content=\"2021-12-03T17:43:25+00:00\" \/>\n<meta property=\"og:image\" content=\"https:\/\/www.3dtlac.xyz\/wp-content\/uploads\/2021\/12\/untitled.969.jpg\" \/>\n\t<meta property=\"og:image:width\" content=\"1600\" \/>\n\t<meta property=\"og:image:height\" content=\"900\" \/>\n\t<meta property=\"og:image:type\" content=\"image\/jpeg\" \/>\n<meta name=\"twitter:card\" content=\"summary_large_image\" \/>\n<script type=\"application\/ld+json\" class=\"yoast-schema-graph\">{\"@context\":\"https:\/\/schema.org\",\"@graph\":[{\"@type\":\"WebPage\",\"@id\":\"https:\/\/www.3dtlac.xyz\/produkt\/babeta-1-10\/\",\"url\":\"https:\/\/www.3dtlac.xyz\/produkt\/babeta-1-10\/\",\"name\":\"Babeta 1\/10 - M&amp;A 3D Printing\",\"isPartOf\":{\"@id\":\"https:\/\/www.3dtlac.xyz\/#website\"},\"datePublished\":\"2021-12-03T17:43:24+00:00\",\"dateModified\":\"2021-12-03T17:43:25+00:00\",\"breadcrumb\":{\"@id\":\"https:\/\/www.3dtlac.xyz\/produkt\/babeta-1-10\/#breadcrumb\"},\"inLanguage\":\"en-US\",\"potentialAction\":[{\"@type\":\"ReadAction\",\"target\":[\"https:\/\/www.3dtlac.xyz\/produkt\/babeta-1-10\/\"]}]},{\"@type\":\"BreadcrumbList\",\"@id\":\"https:\/\/www.3dtlac.xyz\/produkt\/babeta-1-10\/#breadcrumb\",\"itemListElement\":[{\"@type\":\"ListItem\",\"position\":1,\"name\":\"Domovsk\u00e1 str\u00e1nka\",\"item\":\"https:\/\/www.3dtlac.xyz\/en\/\"},{\"@type\":\"ListItem\",\"position\":2,\"name\":\"Shop\",\"item\":\"https:\/\/www.3dtlac.xyz\/en\/shop\/\"},{\"@type\":\"ListItem\",\"position\":3,\"name\":\"Babeta 1\/10\"}]},{\"@type\":\"WebSite\",\"@id\":\"https:\/\/www.3dtlac.xyz\/#website\",\"url\":\"https:\/\/www.3dtlac.xyz\/\",\"name\":\"M&amp;A 3D Printing\",\"description\":\"\",\"potentialAction\":[{\"@type\":\"SearchAction\",\"target\":{\"@type\":\"EntryPoint\",\"urlTemplate\":\"https:\/\/www.3dtlac.xyz\/?s={search_term_string}\"},\"query-input\":\"required name=search_term_string\"}],\"inLanguage\":\"en-US\"}]}<\/script>\n<!-- \/ Yoast SEO plugin. -->","yoast_head_json":{"title":"Babeta 1\/10 - M&amp;A 3D Printing","robots":{"index":"index","follow":"follow","max-snippet":"max-snippet:-1","max-image-preview":"max-image-preview:large","max-video-preview":"max-video-preview:-1"},"canonical":"https:\/\/www.3dtlac.xyz\/produkt\/babeta-1-10\/","og_locale":"en_US","og_type":"article","og_title":"Babeta 1\/10 - M&amp;A 3D Printing","og_description":"Model Babety v mierke 1\/10.   model je vo forme stavebnice v \u0161edej alebo inej farbe  na po\u017eiadanie vieme vytvori\u0165 farebn\u00fa stavebnicu (za pr\u00edplatok 30Eur)","og_url":"https:\/\/www.3dtlac.xyz\/produkt\/babeta-1-10\/","og_site_name":"M&amp;A 3D Printing","article_publisher":"https:\/\/www.facebook.com\/3dtlacAndrea\/","article_modified_time":"2021-12-03T17:43:25+00:00","og_image":[{"width":1600,"height":900,"url":"https:\/\/www.3dtlac.xyz\/wp-content\/uploads\/2021\/12\/untitled.969.jpg","type":"image\/jpeg"}],"twitter_card":"summary_large_image","schema":{"@context":"https:\/\/schema.org","@graph":[{"@type":"WebPage","@id":"https:\/\/www.3dtlac.xyz\/produkt\/babeta-1-10\/","url":"https:\/\/www.3dtlac.xyz\/produkt\/babeta-1-10\/","name":"Babeta 1\/10 - M&amp;A 3D Printing","isPartOf":{"@id":"https:\/\/www.3dtlac.xyz\/#website"},"datePublished":"2021-12-03T17:43:24+00:00","dateModified":"2021-12-03T17:43:25+00:00","breadcrumb":{"@id":"https:\/\/www.3dtlac.xyz\/produkt\/babeta-1-10\/#breadcrumb"},"inLanguage":"en-US","potentialAction":[{"@type":"ReadAction","target":["https:\/\/www.3dtlac.xyz\/produkt\/babeta-1-10\/"]}]},{"@type":"BreadcrumbList","@id":"https:\/\/www.3dtlac.xyz\/produkt\/babeta-1-10\/#breadcrumb","itemListElement":[{"@type":"ListItem","position":1,"name":"Domovsk\u00e1 str\u00e1nka","item":"https:\/\/www.3dtlac.xyz\/en\/"},{"@type":"ListItem","position":2,"name":"Shop","item":"https:\/\/www.3dtlac.xyz\/en\/shop\/"},{"@type":"ListItem","position":3,"name":"Babeta 1\/10"}]},{"@type":"WebSite","@id":"https:\/\/www.3dtlac.xyz\/#website","url":"https:\/\/www.3dtlac.xyz\/","name":"M&amp;A 3D Printing","description":"","potentialAction":[{"@type":"SearchAction","target":{"@type":"EntryPoint","urlTemplate":"https:\/\/www.3dtlac.xyz\/?s={search_term_string}"},"query-input":"required name=search_term_string"}],"inLanguage":"en-US"}]}},"_links":{"self":[{"href":"https:\/\/www.3dtlac.xyz\/en\/wp-json\/wp\/v3\/product\/3121"}],"collection":[{"href":"https:\/\/www.3dtlac.xyz\/en\/wp-json\/wp\/v3\/product"}],"about":[{"href":"https:\/\/www.3dtlac.xyz\/en\/wp-json\/wp\/v2\/types\/product"}],"replies":[{"embeddable":true,"href":"https:\/\/www.3dtlac.xyz\/en\/wp-json\/wp\/v2\/comments?post=3121"}],"wp:featuredmedia":[{"embeddable":true,"href":"https:\/\/www.3dtlac.xyz\/en\/wp-json\/wp\/v2\/media\/3122"}],"wp:attachment":[{"href":"https:\/\/www.3dtlac.xyz\/en\/wp-json\/wp\/v2\/media?parent=3121"}],"wp:term":[{"taxonomy":"product_cat","embeddable":true,"href":"https:\/\/www.3dtlac.xyz\/en\/wp-json\/wp\/v2\/product_cat?post=3121"},{"taxonomy":"product_tag","embeddable":true,"href":"https:\/\/www.3dtlac.xyz\/en\/wp-json\/wp\/v2\/product_tag?post=3121"}],"curies":[{"name":"wp","href":"https:\/\/api.w.org\/{rel}","templated":true}]}}