{"id":4727,"date":"2023-05-24T23:06:12","date_gmt":"2023-05-24T21:06:12","guid":{"rendered":"https:\/\/www.3dtlac.xyz\/?post_type=product&#038;p=4727"},"modified":"2023-05-24T23:08:24","modified_gmt":"2023-05-24T21:08:24","slug":"svadobna-figurka-par-3","status":"publish","type":"product","link":"https:\/\/www.3dtlac.xyz\/en\/produkt\/svadobna-figurka-par-3\/","title":{"rendered":"Svadobn\u00e1 fig\u00farka p\u00e1r 3"},"content":{"rendered":"","protected":false},"excerpt":{"rendered":"<p>Svadobn\u00e1 fig\u00farka vo ve\u013ekosti 18 cm .<\/p>\n<ul>\n<li>bioplast<\/li>\n<\/ul>\n<p><span class=\"ILfuVd\" lang=\"sk\"><span class=\"hgKElc\">Do pozn\u00e1mky nap\u00ed\u0161te ak\u00fa farbu si \u017eel\u00e1te :<\/span><\/span><\/p>\n<ol>\n<li><span class=\"ILfuVd\" lang=\"sk\"><span class=\"hgKElc\">biela<\/span><\/span><\/li>\n<li><span class=\"ILfuVd\" lang=\"sk\"><span class=\"hgKElc\">\u010dierna<\/span><\/span><\/li>\n<li><span class=\"ILfuVd\" lang=\"sk\"><span class=\"hgKElc\">zlat\u00e1 <\/span><\/span><\/li>\n<li><span class=\"ILfuVd\" lang=\"sk\"><span class=\"ILfuVd\" lang=\"sk\"><span class=\"hgKElc\">strieborn\u00e1<\/span><\/span><\/span><\/li>\n<\/ol>\n","protected":false},"featured_media":4728,"comment_status":"closed","ping_status":"closed","template":"","meta":[],"product_cat":[64],"product_tag":[],"yoast_head":"<!-- This site is optimized with the Yoast SEO plugin v20.5 - https:\/\/yoast.com\/wordpress\/plugins\/seo\/ -->\n<title>Svadobn\u00e1 fig\u00farka p\u00e1r 3 - M&amp;A 3D Printing<\/title>\n<meta name=\"robots\" content=\"index, follow, max-snippet:-1, max-image-preview:large, max-video-preview:-1\" \/>\n<link rel=\"canonical\" href=\"https:\/\/www.3dtlac.xyz\/produkt\/svadobna-figurka-par-3\/\" \/>\n<meta property=\"og:locale\" content=\"en_US\" \/>\n<meta property=\"og:type\" content=\"article\" \/>\n<meta property=\"og:title\" content=\"Svadobn\u00e1 fig\u00farka p\u00e1r 3 - M&amp;A 3D Printing\" \/>\n<meta property=\"og:description\" content=\"Svadobn\u00e1 fig\u00farka vo ve\u013ekosti 18 cm .   bioplast  Do pozn\u00e1mky nap\u00ed\u0161te ak\u00fa farbu si \u017eel\u00e1te :   biela  \u010dierna  zlat\u00e1   strieborn\u00e1\" \/>\n<meta property=\"og:url\" content=\"https:\/\/www.3dtlac.xyz\/produkt\/svadobna-figurka-par-3\/\" \/>\n<meta property=\"og:site_name\" content=\"M&amp;A 3D Printing\" \/>\n<meta property=\"article:publisher\" content=\"https:\/\/www.facebook.com\/3dtlacAndrea\/\" \/>\n<meta property=\"article:modified_time\" content=\"2023-05-24T21:08:24+00:00\" \/>\n<meta property=\"og:image\" content=\"https:\/\/www.3dtlac.xyz\/wp-content\/uploads\/2023\/05\/untitled.1854.jpg\" \/>\n\t<meta property=\"og:image:width\" content=\"1600\" \/>\n\t<meta property=\"og:image:height\" content=\"900\" \/>\n\t<meta property=\"og:image:type\" content=\"image\/jpeg\" \/>\n<meta name=\"twitter:card\" content=\"summary_large_image\" \/>\n<script type=\"application\/ld+json\" class=\"yoast-schema-graph\">{\"@context\":\"https:\/\/schema.org\",\"@graph\":[{\"@type\":\"WebPage\",\"@id\":\"https:\/\/www.3dtlac.xyz\/produkt\/svadobna-figurka-par-3\/\",\"url\":\"https:\/\/www.3dtlac.xyz\/produkt\/svadobna-figurka-par-3\/\",\"name\":\"Svadobn\u00e1 fig\u00farka p\u00e1r 3 - M&amp;A 3D Printing\",\"isPartOf\":{\"@id\":\"https:\/\/www.3dtlac.xyz\/#website\"},\"datePublished\":\"2023-05-24T21:06:12+00:00\",\"dateModified\":\"2023-05-24T21:08:24+00:00\",\"breadcrumb\":{\"@id\":\"https:\/\/www.3dtlac.xyz\/produkt\/svadobna-figurka-par-3\/#breadcrumb\"},\"inLanguage\":\"en-US\",\"potentialAction\":[{\"@type\":\"ReadAction\",\"target\":[\"https:\/\/www.3dtlac.xyz\/produkt\/svadobna-figurka-par-3\/\"]}]},{\"@type\":\"BreadcrumbList\",\"@id\":\"https:\/\/www.3dtlac.xyz\/produkt\/svadobna-figurka-par-3\/#breadcrumb\",\"itemListElement\":[{\"@type\":\"ListItem\",\"position\":1,\"name\":\"Domovsk\u00e1 str\u00e1nka\",\"item\":\"https:\/\/www.3dtlac.xyz\/en\/\"},{\"@type\":\"ListItem\",\"position\":2,\"name\":\"Shop\",\"item\":\"https:\/\/www.3dtlac.xyz\/en\/shop\/\"},{\"@type\":\"ListItem\",\"position\":3,\"name\":\"Svadobn\u00e1 fig\u00farka p\u00e1r 3\"}]},{\"@type\":\"WebSite\",\"@id\":\"https:\/\/www.3dtlac.xyz\/#website\",\"url\":\"https:\/\/www.3dtlac.xyz\/\",\"name\":\"M&amp;A 3D Printing\",\"description\":\"\",\"potentialAction\":[{\"@type\":\"SearchAction\",\"target\":{\"@type\":\"EntryPoint\",\"urlTemplate\":\"https:\/\/www.3dtlac.xyz\/?s={search_term_string}\"},\"query-input\":\"required name=search_term_string\"}],\"inLanguage\":\"en-US\"}]}<\/script>\n<!-- \/ Yoast SEO plugin. -->","yoast_head_json":{"title":"Svadobn\u00e1 fig\u00farka p\u00e1r 3 - M&amp;A 3D Printing","robots":{"index":"index","follow":"follow","max-snippet":"max-snippet:-1","max-image-preview":"max-image-preview:large","max-video-preview":"max-video-preview:-1"},"canonical":"https:\/\/www.3dtlac.xyz\/produkt\/svadobna-figurka-par-3\/","og_locale":"en_US","og_type":"article","og_title":"Svadobn\u00e1 fig\u00farka p\u00e1r 3 - M&amp;A 3D Printing","og_description":"Svadobn\u00e1 fig\u00farka vo ve\u013ekosti 18 cm .   bioplast  Do pozn\u00e1mky nap\u00ed\u0161te ak\u00fa farbu si \u017eel\u00e1te :   biela  \u010dierna  zlat\u00e1   strieborn\u00e1","og_url":"https:\/\/www.3dtlac.xyz\/produkt\/svadobna-figurka-par-3\/","og_site_name":"M&amp;A 3D Printing","article_publisher":"https:\/\/www.facebook.com\/3dtlacAndrea\/","article_modified_time":"2023-05-24T21:08:24+00:00","og_image":[{"width":1600,"height":900,"url":"https:\/\/www.3dtlac.xyz\/wp-content\/uploads\/2023\/05\/untitled.1854.jpg","type":"image\/jpeg"}],"twitter_card":"summary_large_image","schema":{"@context":"https:\/\/schema.org","@graph":[{"@type":"WebPage","@id":"https:\/\/www.3dtlac.xyz\/produkt\/svadobna-figurka-par-3\/","url":"https:\/\/www.3dtlac.xyz\/produkt\/svadobna-figurka-par-3\/","name":"Svadobn\u00e1 fig\u00farka p\u00e1r 3 - M&amp;A 3D Printing","isPartOf":{"@id":"https:\/\/www.3dtlac.xyz\/#website"},"datePublished":"2023-05-24T21:06:12+00:00","dateModified":"2023-05-24T21:08:24+00:00","breadcrumb":{"@id":"https:\/\/www.3dtlac.xyz\/produkt\/svadobna-figurka-par-3\/#breadcrumb"},"inLanguage":"en-US","potentialAction":[{"@type":"ReadAction","target":["https:\/\/www.3dtlac.xyz\/produkt\/svadobna-figurka-par-3\/"]}]},{"@type":"BreadcrumbList","@id":"https:\/\/www.3dtlac.xyz\/produkt\/svadobna-figurka-par-3\/#breadcrumb","itemListElement":[{"@type":"ListItem","position":1,"name":"Domovsk\u00e1 str\u00e1nka","item":"https:\/\/www.3dtlac.xyz\/en\/"},{"@type":"ListItem","position":2,"name":"Shop","item":"https:\/\/www.3dtlac.xyz\/en\/shop\/"},{"@type":"ListItem","position":3,"name":"Svadobn\u00e1 fig\u00farka p\u00e1r 3"}]},{"@type":"WebSite","@id":"https:\/\/www.3dtlac.xyz\/#website","url":"https:\/\/www.3dtlac.xyz\/","name":"M&amp;A 3D Printing","description":"","potentialAction":[{"@type":"SearchAction","target":{"@type":"EntryPoint","urlTemplate":"https:\/\/www.3dtlac.xyz\/?s={search_term_string}"},"query-input":"required name=search_term_string"}],"inLanguage":"en-US"}]}},"_links":{"self":[{"href":"https:\/\/www.3dtlac.xyz\/en\/wp-json\/wp\/v3\/product\/4727"}],"collection":[{"href":"https:\/\/www.3dtlac.xyz\/en\/wp-json\/wp\/v3\/product"}],"about":[{"href":"https:\/\/www.3dtlac.xyz\/en\/wp-json\/wp\/v2\/types\/product"}],"replies":[{"embeddable":true,"href":"https:\/\/www.3dtlac.xyz\/en\/wp-json\/wp\/v2\/comments?post=4727"}],"wp:featuredmedia":[{"embeddable":true,"href":"https:\/\/www.3dtlac.xyz\/en\/wp-json\/wp\/v2\/media\/4728"}],"wp:attachment":[{"href":"https:\/\/www.3dtlac.xyz\/en\/wp-json\/wp\/v2\/media?parent=4727"}],"wp:term":[{"taxonomy":"product_cat","embeddable":true,"href":"https:\/\/www.3dtlac.xyz\/en\/wp-json\/wp\/v2\/product_cat?post=4727"},{"taxonomy":"product_tag","embeddable":true,"href":"https:\/\/www.3dtlac.xyz\/en\/wp-json\/wp\/v2\/product_tag?post=4727"}],"curies":[{"name":"wp","href":"https:\/\/api.w.org\/{rel}","templated":true}]}}